{"id":17,"date":"2023-09-13T09:50:14","date_gmt":"2023-09-13T09:50:14","guid":{"rendered":"https:\/\/villa-marija-sukosan.com\/?page_id=17"},"modified":"2023-09-20T12:09:16","modified_gmt":"2023-09-20T12:09:16","slug":"rezervacije","status":"publish","type":"page","link":"https:\/\/villa-marija-sukosan.com\/de\/rezervacije\/","title":{"rendered":"Reservierungen"},"content":{"rendered":"<div data-elementor-type=\"wp-page\" data-elementor-id=\"17\" class=\"elementor elementor-17\" data-elementor-post-type=\"page\">\n\t\t\t\t<div class=\"elementor-element elementor-element-711bed0 e-flex e-con-boxed e-con e-parent\" data-id=\"711bed0\" data-element_type=\"container\">\n\t\t\t\t\t<div class=\"e-con-inner\">\n\t\t\t\t<div class=\"elementor-element elementor-element-d3141db elementor-widget elementor-widget-text-editor\" data-id=\"d3141db\" data-element_type=\"widget\" data-widget_type=\"text-editor.default\">\n\t\t\t\t<div class=\"elementor-widget-container\">\n\t\t\t\t\t\t\t\t\t<p>Reservieren Sie rechtzeitig Ihr Apartment! Mit einem Klick auf das ausgew\u00e4hlte Apartment gelangen Sie zum Reservierungsfragebogen. F\u00fcllen Sie es aus und wir werden uns so schnell wie m\u00f6glich bei Ihnen melden!<\/p>\t\t\t\t\t\t\t\t<\/div>\n\t\t\t\t<\/div>\n\t\t\t\t\t<\/div>\n\t\t\t\t<\/div>\n\t\t<div class=\"elementor-element elementor-element-8c5617f e-flex e-con-boxed e-con e-parent\" data-id=\"8c5617f\" data-element_type=\"container\">\n\t\t\t\t\t<div class=\"e-con-inner\">\n\t\t<div class=\"elementor-element elementor-element-3eeda6d e-con-full e-flex e-con e-child\" data-id=\"3eeda6d\" data-element_type=\"container\">\n\t\t\t\t<div class=\"elementor-element elementor-element-8a2fc2c elementor-align-center elementor-widget elementor-widget-button\" data-id=\"8a2fc2c\" data-element_type=\"widget\" data-widget_type=\"button.default\">\n\t\t\t\t<div class=\"elementor-widget-container\">\n\t\t\t\t\t\t\t\t\t<div class=\"elementor-button-wrapper\">\n\t\t\t\t\t<a class=\"elementor-button elementor-button-link elementor-size-lg\" href=\"https:\/\/villa-marija-sukosan.com\/apartman-1\/%20%20#kontaktapartman1\">\n\t\t\t\t\t\t<span class=\"elementor-button-content-wrapper\">\n\t\t\t\t\t\t\t\t\t<span class=\"elementor-button-text\">WOHNUNG 1<\/span>\n\t\t\t\t\t<\/span>\n\t\t\t\t\t<\/a>\n\t\t\t\t<\/div>\n\t\t\t\t\t\t\t\t<\/div>\n\t\t\t\t<\/div>\n\t\t\t\t<\/div>\n\t\t<div class=\"elementor-element elementor-element-ebe6acb e-con-full e-flex e-con e-child\" data-id=\"ebe6acb\" data-element_type=\"container\">\n\t\t\t\t<div class=\"elementor-element elementor-element-42bc009 elementor-align-center elementor-widget elementor-widget-button\" data-id=\"42bc009\" data-element_type=\"widget\" data-widget_type=\"button.default\">\n\t\t\t\t<div class=\"elementor-widget-container\">\n\t\t\t\t\t\t\t\t\t<div class=\"elementor-button-wrapper\">\n\t\t\t\t\t<a class=\"elementor-button elementor-button-link elementor-size-lg\" href=\"https:\/\/villa-marija-sukosan.com\/apartman-2\/%20%20#kontaktapartman2\">\n\t\t\t\t\t\t<span class=\"elementor-button-content-wrapper\">\n\t\t\t\t\t\t\t\t\t<span class=\"elementor-button-text\">WOHNUNG 2<\/span>\n\t\t\t\t\t<\/span>\n\t\t\t\t\t<\/a>\n\t\t\t\t<\/div>\n\t\t\t\t\t\t\t\t<\/div>\n\t\t\t\t<\/div>\n\t\t\t\t<\/div>\n\t\t<div class=\"elementor-element elementor-element-cc39e43 e-con-full e-flex e-con e-child\" data-id=\"cc39e43\" data-element_type=\"container\">\n\t\t\t\t<div class=\"elementor-element elementor-element-81a93e7 elementor-align-center elementor-widget elementor-widget-button\" data-id=\"81a93e7\" data-element_type=\"widget\" data-widget_type=\"button.default\">\n\t\t\t\t<div class=\"elementor-widget-container\">\n\t\t\t\t\t\t\t\t\t<div class=\"elementor-button-wrapper\">\n\t\t\t\t\t<a class=\"elementor-button elementor-button-link elementor-size-lg\" href=\"https:\/\/villa-marija-sukosan.com\/apartman-3\/%20%20#kontaktapartman3\">\n\t\t\t\t\t\t<span class=\"elementor-button-content-wrapper\">\n\t\t\t\t\t\t\t\t\t<span class=\"elementor-button-text\">WOHNUNG 3<\/span>\n\t\t\t\t\t<\/span>\n\t\t\t\t\t<\/a>\n\t\t\t\t<\/div>\n\t\t\t\t\t\t\t\t<\/div>\n\t\t\t\t<\/div>\n\t\t\t\t<\/div>\n\t\t<div class=\"elementor-element elementor-element-529c70e e-con-full e-flex e-con e-child\" data-id=\"529c70e\" data-element_type=\"container\">\n\t\t\t\t<div class=\"elementor-element elementor-element-1dca5d3 elementor-align-center elementor-widget elementor-widget-button\" data-id=\"1dca5d3\" data-element_type=\"widget\" data-widget_type=\"button.default\">\n\t\t\t\t<div class=\"elementor-widget-container\">\n\t\t\t\t\t\t\t\t\t<div class=\"elementor-button-wrapper\">\n\t\t\t\t\t<a class=\"elementor-button elementor-button-link elementor-size-lg\" href=\"https:\/\/villa-marija-sukosan.com\/apartman-4\/%20%20#kontaktapartman4\">\n\t\t\t\t\t\t<span class=\"elementor-button-content-wrapper\">\n\t\t\t\t\t\t\t\t\t<span class=\"elementor-button-text\">WOHNUNG 4<\/span>\n\t\t\t\t\t<\/span>\n\t\t\t\t\t<\/a>\n\t\t\t\t<\/div>\n\t\t\t\t\t\t\t\t<\/div>\n\t\t\t\t<\/div>\n\t\t\t\t<\/div>\n\t\t\t\t\t<\/div>\n\t\t\t\t<\/div>\n\t\t\t\t<\/div>","protected":false},"excerpt":{"rendered":"<p>Rezervirajte svoj apartman na vrijeme! Klik na odabrani apartman odvest \u0107e vas na upitnik za rezervacije. Ispunite ga, a mi \u0107emo vam se javiti u najkra\u0107em mogu\u0107em roku! APARTMAN 1 APARTMAN 2 APARTMAN 3 APARTMAN 4<\/p>","protected":false},"author":1,"featured_media":0,"parent":0,"menu_order":0,"comment_status":"closed","ping_status":"closed","template":"elementor_header_footer","meta":{"om_disable_all_campaigns":false,"_monsterinsights_skip_tracking":false,"_monsterinsights_sitenote_active":false,"_monsterinsights_sitenote_note":"","_monsterinsights_sitenote_category":0,"footnotes":""},"class_list":["post-17","page","type-page","status-publish","hentry"],"aioseo_notices":[],"_links":{"self":[{"href":"https:\/\/villa-marija-sukosan.com\/de\/wp-json\/wp\/v2\/pages\/17","targetHints":{"allow":["GET"]}}],"collection":[{"href":"https:\/\/villa-marija-sukosan.com\/de\/wp-json\/wp\/v2\/pages"}],"about":[{"href":"https:\/\/villa-marija-sukosan.com\/de\/wp-json\/wp\/v2\/types\/page"}],"author":[{"embeddable":true,"href":"https:\/\/villa-marija-sukosan.com\/de\/wp-json\/wp\/v2\/users\/1"}],"replies":[{"embeddable":true,"href":"https:\/\/villa-marija-sukosan.com\/de\/wp-json\/wp\/v2\/comments?post=17"}],"version-history":[{"count":13,"href":"https:\/\/villa-marija-sukosan.com\/de\/wp-json\/wp\/v2\/pages\/17\/revisions"}],"predecessor-version":[{"id":356,"href":"https:\/\/villa-marija-sukosan.com\/de\/wp-json\/wp\/v2\/pages\/17\/revisions\/356"}],"wp:attachment":[{"href":"https:\/\/villa-marija-sukosan.com\/de\/wp-json\/wp\/v2\/media?parent=17"}],"curies":[{"name":"wp","href":"https:\/\/api.w.org\/{rel}","templated":true}]}}